{"id":779,"date":"2023-05-15T10:48:56","date_gmt":"2023-05-15T08:48:56","guid":{"rendered":"http:\/\/mood36.com\/?page_id=779"},"modified":"2025-10-17T16:03:47","modified_gmt":"2025-10-17T14:03:47","slug":"privacy-policy","status":"publish","type":"page","link":"https:\/\/mood36.com\/index.php\/privacy-policy\/","title":{"rendered":"Privacy Policy"},"content":{"rendered":"\n<p><\/p>\n\n\n<section  class='av_textblock_section av-mgux63kn-34adfba2aafa84239d6bee06bf5dbb63 '   itemscope=\"itemscope\" itemtype=\"https:\/\/schema.org\/CreativeWork\" ><div class='avia_textblock'  itemprop=\"text\" ><p class=\"p1\">La privacy dei nostri utenti \u00e8 per noi importante. Nella presente informativa sulla privacy \u00e8 dunque possibile trovare tutte le informazioni che consentono all\u2019utente di capire quali dati raccogliamo, perch\u00e9 li raccogliamo e come li utilizziamo, nel rispetto della normativa applicabile.<\/p>\n<p class=\"p1\">Per eventuali domande \u00e8 possibile in ogni caso contattarci al seguente indirizzo e-mail: o.cappellini@mood36.com. Sar\u00e0 nostra cura rispondervi nel pi\u00f9 breve tempo possibile.<\/p>\n<h3 class=\"p1\">1. Titolare<\/h3>\n<p class=\"p1\">Titolare del trattamento dei dati personali raccolti attraverso l\u2019utilizzo del servizio di consulenza in materia di comunicazione e marketing e creazione di soluzioni grafiche analogiche e digitali (di seguito, \u201cServizio\u201d) ed attraverso il sito web \u201chttps:\/\/mood36.com\/\u201d (di seguito, \u201cSito\u201d) per utenti italiani \u00e8:<br \/>\nMood Comunicazione sas di Olivia Cappellini &amp; C.<\/p>\n<p class=\"p1\">Sede legale: Lungo Po Diaz, 6 &#8211; 10123 Torino (TO)<\/p>\n<p class=\"p1\">Telefono: 011\/19464521<\/p>\n<p class=\"p1\">E-mail: o.cappellini@mood36.com<\/p>\n<p class=\"p1\">(di seguito, \u201cAzienda\u201d)<\/p>\n<h3 class=\"p1\">2. Dati trattati<\/h3>\n<h3 class=\"p1\">2.1. Dati raccolti tramite il Servizio<\/h3>\n<p>L\u2019Azienda raccoglie esclusivamente i dati personali che l\u2019utente fornisce volontariamente utilizzando il Servizio.<br \/>\nTra i dati forniti volontariamente dall\u2019utente tramite l\u2019utilizzo del Servizio potranno essere acquisiti dati personali quali:<\/p>\n<ul>\n<li>nome<\/li>\n<li>cognome<\/li>\n<li>email<\/li>\n<li>telefono<\/li>\n<li>indirizzo<\/li>\n<\/ul>\n<h3 class=\"p1\">2.2 Dati raccolti tramite il Sito<\/h3>\n<p class=\"p1\">Per la consultazione della parte \u201cpubblica\u201d del Sito (ossia quella liberamente accessibile da ogni utente), non \u00e8 previsto alcun conferimento di dati personali dell\u2019utente.<br \/>\nA seguito della mera navigazione nelle pagine pubblicamente accessibili del Sito, alcuni dati di navigazione potranno essere in ogni caso raccolti automaticamente, tra cui:<\/p>\n<p class=\"p1\">\u2022 indirizzi IP;<\/p>\n<p class=\"p1\">\u2022 indirizzi URI &#8211; Uniform Resource Identifier &#8211; delle risorse richieste;<\/p>\n<p class=\"p1\">\u2022 orario e metodo utilizzato per formulare le richieste al server;<\/p>\n<p class=\"p1\">\u2022 codice numerico circa lo stato della risposta resa dal server (buon fine, errore, ecc.);<\/p>\n<p class=\"p1\">I dati di navigazione sono relativi al sistema operativo e all&#8217;ambiente informatico dell&#8217;utente la cui trasmissione \u00e8 implicita nell&#8217;uso dei protocolli di comunicazione di Internet.<\/p>\n<p class=\"p1\">L\u2019Azienda utilizza a questo scopo uno strumento di terze parti (Google Analytics) per scopi esclusivamente statistici e di marketing. I dati sono tuttavia gestiti in forma completamente anonimizzata. Sebbene queste informazioni non siano raccolte per essere associate a interessati identificati, per loro natura potrebbero, attraverso elaborazioni ed associazioni con dati detenuti da terzi, consentire di identificare gli utenti. La raccolta e l&#8217;utilizzo di tali dati \u00e8 dipendente dall&#8217;accettazione volontaria dei cookie relativi, come dettagliato nella cookie policy<\/p>\n<p><strong>Attivit\u00e0 di salvataggio delle preferenze, ottimizzazione e statistica<\/strong><br \/>\nQuesta Applicazione utilizza Cookie per salvare le preferenze di navigazione ed ottimizzare l&#8217;esperienza di navigazione dell&#8217;Utente. Fra questi Cookie rientrano, ad esempio, quelli per impostare la lingua e la valuta o per la gestione di statistiche da parte del Titolare del sito.<br \/>\nTutti i cookie tecnici non richiedono consenso, perci\u00f2 vengono installati automaticamente a seguito dell\u2019accesso al sito.<\/p>\n<h3 class=\"p1\">3. Finalit\u00e0 del trattamento<\/h3>\n<p class=\"p1\">L\u2019Azienda tratta i dati personali che l\u2019utente ha fornito tramite il Servizio o il Sito esclusivamente in connessione con l\u2019utilizzo del Servizio o del Sito stesso.<br \/>\nIn particolare, i dati personali dell\u2019utente possono essere utilizzati per le seguenti finalit\u00e0:<\/p>\n<p class=\"p1\">a) erogazione del Servizio (ad esempio, redazione di preventivi, ecc.) e delle funzionalit\u00e0 del Sito (quali ad<\/p>\n<p class=\"p1\">esempio comunicazione con l\u2019Azienda, ecc.);<\/p>\n<p class=\"p1\">b) elaborazione dei dati di pagamento e fatturazione. L\u2019Azienda tratter\u00e0 i dati personali dell\u2019utente solo<\/p>\n<p class=\"p1\">per facilitare gli acquisti relativi al Servizio e per elaborare i pagamenti effettuati.<\/p>\n<p class=\"p1\">c) invio di informazioni sul Servizio (ad esempio stato dell\u2019abbonamento e\/o dei pagamenti, novit\u00e0, eventi,<\/p>\n<p class=\"p1\">promozioni, ecc.) e di aggiornamenti sulle funzionalit\u00e0 del Sito, per esempio, via e-mail o posta &#8211; nota:<\/p>\n<p class=\"p1\">questa funzionalit\u00e0 sar\u00e0 attivata solo se l\u2019utente prester\u00e0 il suo consenso esplicito.<\/p>\n<p class=\"p1\">Le finalit\u00e0 sopra elencate sono sottoposte al consenso dell\u2019utente (che in alcuni casi deve essere esplicito).<br \/>\nL\u2019Azienda non utilizzer\u00e0 i dati forniti per fini diversi da quelli sopra elencati, a cui l\u2019utente interessato ha aderito, e solo entro i limiti indicati di volta in volta nell\u2019eventuale ulteriore informativa specifica a corredo del diverso, specifico servizio eventualmente richiesto dall\u2019utente.<br \/>\nI dati dell\u2019utente non saranno mai venduti, affittati o in ogni caso ceduti dall\u2019Azienda a terze parti. L\u2019utente \u00e8 l\u2019unico proprietario dei suoi dati e pu\u00f2 richiederne la modifica o la cancellazione in ogni momento: si veda di seguito la sezione \u201cdiritti dell\u2019interessato\u201d.<\/p>\n<h3 class=\"p1\"><i>4. Conservazione dei dati personali<\/i><\/h3>\n<p class=\"p1\">L\u2019Azienda conserver\u00e0 le informazioni dell\u2019utente nei termini richiesti dalla normativa vigente e, comunque, per tutto il tempo necessario per fornire i servizi richiesti. Decorso questo lasso di tempo, i dati dell\u2019utente verranno definitivamente cancellati (salvi obblighi di legge).<\/p>\n<h3 class=\"p1\">5. Sicurezza e trasferimento dei dati personali<\/h3>\n<p class=\"p1\">Il trasferimento, la conservazione e la elaborazione dei dati dell\u2019utente che sono raccolti attraverso il Servizio e il Sito sono assicurati attraverso idonee misure tecniche.<br \/>\nI dati degli utenti vengono raccolti, archiviati e conservati su un server sicuro.<\/p>\n<h3 class=\"p1\">6. Trasferimento dei dati a soggetti terzi<\/h3>\n<p class=\"p1\">L\u2019Azienda non trasferisce i dati personali dell\u2019utente a soggetti terzi. Tuttavia, l\u2019Azienda potr\u00e0 fornire i dati dell\u2019utente a terzi per taluni processi come, ad esempio, la gestione contabile o Servizi offerti con Aziende partner. Solo qualora l\u2019Azienda sia tenuta a farlo per legge, i dati personali saranno forniti alle Autorit\u00e0 competenti.<\/p>\n<h3 class=\"p1\">7. Trasferimento dati all\u2019estero<\/h3>\n<p class=\"p1\">I dati dell\u2019utente non saranno trasferiti fuori dall\u2019Unione Europea [verificare, con riferimento non solo all\u2019Azienda ma anche a tutti i fornitori esterni].<\/p>\n<h3 class=\"p1\">8. Diritti dell\u2019utente (interessato)<\/h3>\n<p class=\"p1\">L\u2019utente avr\u00e0 in qualsiasi momento piena facolt\u00e0 di esercitare i diritti previsti dalla normativa vigente, tra cui i seguenti diritti:<\/p>\n<ul>\n<li>ricevere conferma dell\u2019esistenza dei suoi dati personali e richiedere l\u2019accesso al loro contenuto;<\/li>\n<li class=\"p1\">aggiornare, modificare e\/o correggere i suoi dati personali;<\/li>\n<li class=\"p1\">chiedere la cancellazione, la trasformazione in forma anonima, il blocco dei suoi dati trattati in<\/li>\n<li class=\"p1\">violazione di legge;<\/li>\n<li class=\"p1\">chiedere la limitazione del trattamento;<\/li>\n<li class=\"p1\">opporsi per motivi legittimi al trattamento;<\/li>\n<li class=\"p1\">ricevere copia dei dati forniti e chiedere che tali dati siano trasmessi ad un altro titolare del trattamento.<\/li>\n<\/ul>\n<p class=\"p1\">Per esercitare uno o pi\u00f9 dei diritti sopra elencati, \u00e8 possibile inviare specifica richiesta all\u2019Azienda &#8211; sezione privacy:<\/p>\n<ul>\n<li class=\"p1\">presso l\u2019Azienda in Lungo Po Diaz, 6 &#8211; 10123 Torino (TO)<\/li>\n<\/ul>\n<p class=\"p1\">oppure<\/p>\n<ul>\n<li class=\"p1\">via e-mail all\u2019indirizzo o.cappellini@mood36.com<\/li>\n<\/ul>\n<h3 class=\"p1\">9. Cookie<\/h3>\n<p class=\"p1\">Per informazioni relative all\u2019utilizzo dei cookie attraverso il Sito, si prega l\u2019utente di leggere la Cookie Policy dell\u2019Azienda<\/p>\n<h3 class=\"p1\"><i>10. Contatti<\/i><\/h3>\n<p class=\"p1\">Si prega di inviare una e-mail all\u2019indirizzo o.cappellini@mood36.com nel caso di domande relative qualsiasi necessit\u00e0 di chiarimento o informazione sui contenuti di questa pagina.<\/p>\n<\/div><\/section>\n","protected":false},"excerpt":{"rendered":"","protected":false},"author":1,"featured_media":0,"parent":0,"menu_order":0,"comment_status":"closed","ping_status":"closed","template":"","meta":[],"_links":{"self":[{"href":"https:\/\/mood36.com\/index.php\/wp-json\/wp\/v2\/pages\/779"}],"collection":[{"href":"https:\/\/mood36.com\/index.php\/wp-json\/wp\/v2\/pages"}],"about":[{"href":"https:\/\/mood36.com\/index.php\/wp-json\/wp\/v2\/types\/page"}],"author":[{"embeddable":true,"href":"https:\/\/mood36.com\/index.php\/wp-json\/wp\/v2\/users\/1"}],"replies":[{"embeddable":true,"href":"https:\/\/mood36.com\/index.php\/wp-json\/wp\/v2\/comments?post=779"}],"version-history":[{"count":3,"href":"https:\/\/mood36.com\/index.php\/wp-json\/wp\/v2\/pages\/779\/revisions"}],"predecessor-version":[{"id":1087,"href":"https:\/\/mood36.com\/index.php\/wp-json\/wp\/v2\/pages\/779\/revisions\/1087"}],"wp:attachment":[{"href":"https:\/\/mood36.com\/index.php\/wp-json\/wp\/v2\/media?parent=779"}],"curies":[{"name":"wp","href":"https:\/\/api.w.org\/{rel}","templated":true}]}}